{"id":4552,"date":"2023-06-18T16:25:38","date_gmt":"2023-06-18T15:25:38","guid":{"rendered":"https:\/\/www.taessje.com\/?post_type=product&#038;p=4552"},"modified":"2025-12-09T17:50:40","modified_gmt":"2025-12-09T16:50:40","slug":"apfel-kurkuma","status":"publish","type":"product","link":"https:\/\/www.taessje.com\/index.php\/produkt\/apfel-kurkuma\/","title":{"rendered":"Apfel Kurkuma"},"content":{"rendered":"<div id=\"productAmountOfTea\">\n<ul class=\"productInformationBTA\">\n<li class=\"productInformation\">\n<div id=\"productAmountOfTea\">\n<ul class=\"productInformationBTA\">\n<li class=\"productInformation\">\n<div id=\"productAmountOfTea\">\n<ul class=\"productInformationBTA\">\n<li>mit Apfel-Kurkuma-Geschmack<\/li>\n<li class=\"productInformation\">\n<div id=\"productAmountOfTea\">\n<ul class=\"productInformationBTA\">\n<li class=\"productInformation\">\n<div id=\"productBrewingTime\">Ziehzeit 8-10 Min<\/div>\n<\/li>\n<li class=\"productInformation\">\n<div id=\"productBathingTemperature\">Aufgusstemperatur 100 \u00b0 C<\/div>\n<\/li>\n<li class=\"productInformation\">\n<div>\n<p>Teemenge 1-2 TL<\/p>\n<p>In diesem Tee steckt ein fruchtig-w\u00fcrziges Duo, das an Geschmack und Funktionalit\u00e4t kaum zu \u00fcbertreffen ist. Der Apfel sorgt f\u00fcr einen erfrischenden Trinkgenuss und erg\u00e4nzt sich toll mit dem typischen Geschmack des Kurkumas. Noch dazu schenkt uns die Kombi ein Wohlgef\u00fchl, das man hei\u00df und auf Eis genie\u00dfen kann.<\/p>\n<div class=\"productIcons\"><\/div>\n<div class=\"productInformation\"><img decoding=\"async\" title=\"Milder Tee\" src=\"https:\/\/www.florapharm.de\/fileadmin\/template\/normal\/media\/images\/infoicons\/florapharm_icon_03.png\" alt=\"Milder Tee\" \/> Milder Tee<\/div>\n<div><img decoding=\"async\" title=\"Beinhaltet ausschlie\u00dflich nat\u00fcrliches Aroma\" src=\"https:\/\/www.florapharm.de\/fileadmin\/template\/normal\/media\/images\/infoicons\/florapharm_icon_05.png\" alt=\"Beinhaltet ausschlie\u00dflich nat\u00fcrliches Aroma\" \/> Beinhaltet ausschlie\u00dflich nat\u00fcrliches Aroma<\/div>\n<div><\/div>\n<\/div>\n<\/li>\n<\/ul>\n<\/div>\n<\/li>\n<\/ul>\n<\/div>\n<\/li>\n<\/ul>\n<\/div>\n<\/li>\n<\/ul>\n<\/div>\n","protected":false},"excerpt":{"rendered":"<div class=\"productIcons\">\n<div class=\"productIcons\">\n<p><strong>Fr\u00fcchtetee, aromatisiert<\/strong><\/p>\n<p><strong> <img decoding=\"async\" title=\"Milder Tee\" src=\"https:\/\/www.florapharm.de\/fileadmin\/template\/normal\/media\/images\/infoicons\/florapharm_icon_03.png\" alt=\"Milder Tee\" \/><img decoding=\"async\" title=\"Beinhaltet ausschlie\u00dflich nat\u00fcrliches Aroma\" src=\"https:\/\/www.florapharm.de\/fileadmin\/template\/normal\/media\/images\/infoicons\/florapharm_icon_05.png\" alt=\"Beinhaltet ausschlie\u00dflich nat\u00fcrliches Aroma\" \/><\/strong><\/p>\n<p>&nbsp;<\/p>\n<p>&nbsp;<\/p>\n<\/div>\n<p>&nbsp;<\/p>\n<p>&nbsp;<\/p>\n<p>&nbsp;<\/p>\n<\/div>\n<p>&nbsp;<\/p>\n<p>&nbsp;<\/p>\n","protected":false},"featured_media":4556,"comment_status":"closed","ping_status":"closed","template":"","meta":{"jetpack_post_was_ever_published":false,"jetpack_publicize_message":"","jetpack_publicize_feature_enabled":true,"jetpack_social_post_already_shared":true,"jetpack_social_options":{"image_generator_settings":{"template":"highway","default_image_id":0,"enabled":false},"version":2}},"product_brand":[],"product_cat":[31,43,44],"product_tag":[],"class_list":{"0":"post-4552","1":"product","2":"type-product","3":"status-publish","4":"has-post-thumbnail","6":"product_cat-tee","7":"product_cat-fruechtetee","8":"product_cat-fruechtetee-mild","10":"first","11":"instock","12":"purchasable","13":"product-type-variable"},"jetpack_publicize_connections":[],"jetpack_sharing_enabled":true,"jetpack-related-posts":[],"_links":{"self":[{"href":"https:\/\/www.taessje.com\/index.php\/wp-json\/wp\/v2\/product\/4552","targetHints":{"allow":["GET"]}}],"collection":[{"href":"https:\/\/www.taessje.com\/index.php\/wp-json\/wp\/v2\/product"}],"about":[{"href":"https:\/\/www.taessje.com\/index.php\/wp-json\/wp\/v2\/types\/product"}],"replies":[{"embeddable":true,"href":"https:\/\/www.taessje.com\/index.php\/wp-json\/wp\/v2\/comments?post=4552"}],"wp:featuredmedia":[{"embeddable":true,"href":"https:\/\/www.taessje.com\/index.php\/wp-json\/wp\/v2\/media\/4556"}],"wp:attachment":[{"href":"https:\/\/www.taessje.com\/index.php\/wp-json\/wp\/v2\/media?parent=4552"}],"wp:term":[{"taxonomy":"product_brand","embeddable":true,"href":"https:\/\/www.taessje.com\/index.php\/wp-json\/wp\/v2\/product_brand?post=4552"},{"taxonomy":"product_cat","embeddable":true,"href":"https:\/\/www.taessje.com\/index.php\/wp-json\/wp\/v2\/product_cat?post=4552"},{"taxonomy":"product_tag","embeddable":true,"href":"https:\/\/www.taessje.com\/index.php\/wp-json\/wp\/v2\/product_tag?post=4552"}],"curies":[{"name":"wp","href":"https:\/\/api.w.org\/{rel}","templated":true}]}}