{"id":622,"date":"2020-02-01T10:58:59","date_gmt":"2020-02-01T09:58:59","guid":{"rendered":"https:\/\/www.taessje.com\/?post_type=product&#038;p=622"},"modified":"2020-03-26T14:16:29","modified_gmt":"2020-03-26T13:16:29","slug":"bio-gluecksdrache","status":"publish","type":"product","link":"https:\/\/www.taessje.com\/index.php\/produkt\/bio-gluecksdrache\/","title":{"rendered":"BIO  Gl\u00fccksdrache\u00ae"},"content":{"rendered":"<div id=\"productAmountOfTea\">\n<ul class=\"productInformationBTA\">\n<li class=\"productInformation\">\n<div id=\"productAmountOfTea\">\n<ul class=\"productInformationBTA\">\n<li class=\"productInformation\">\n<div id=\"productAmountOfTea\">\n<ul class=\"productInformationBTA\">\n<li>mit Himbeer-Jasmin-Geschmack<\/li>\n<li class=\"productInformation\">\n<div>\n<ul class=\"productInformationBTA\">\n<li class=\"productInformation\">\n<div id=\"productBrewingTime\">Ziehzeit 2 Min<\/div>\n<\/li>\n<li class=\"productInformation\">\n<div id=\"productBathingTemperature\">Aufgusstemperatur 90 \u00b0 C<\/div>\n<\/li>\n<li class=\"productInformation\">\n<div id=\"productAmountOfTea\">Teemenge 1 TL<\/div>\n<\/li>\n<\/ul>\n<p>Dieser Tee ist inspiriert vom chinesischen Drachen. Er symbolisiert Gl\u00fcck und Frieden. Er beh\u00fctet Sch\u00e4tze und steht f\u00fcr Kraft. Tun Sie sich selbst etwas Gutes oder verschenken Sie eine Tasse des Hochgef\u00fchls, das in diesem Gr\u00fcntee steckt.<\/p>\n<p><img decoding=\"async\" title=\"Unsere als \u201eBio\u201c gekennzeichneten Produkte stehen unter der Kontrolle von DE-\u00d6KO-005 ECOCERT IMO GmbH\" src=\"https:\/\/www.florapharm.de\/fileadmin\/template\/normal\/media\/images\/infoicons\/florapharm_icon_01.png\" alt=\"Unsere als \u201eBio\u201c gekennzeichneten Produkte stehen unter der Kontrolle von DE-\u00d6KO-005 ECOCERT IMO GmbH\" \/> BIO<br \/>\n&nbsp;<\/p>\n<\/div>\n<\/li>\n<\/ul>\n<\/div>\n<\/li>\n<\/ul>\n<\/div>\n<\/li>\n<\/ul>\n<\/div>\n","protected":false},"excerpt":{"rendered":"<div class=\"productIcons\">\n<div class=\"productIcons\">\n<p><strong>Bio Gr\u00fcntee-Mischung mit Kr\u00e4utern und Fruchtst\u00fccken, aromatisiert<\/strong><\/p>\n<h4 class=\"packagingUnit\"><img decoding=\"async\" title=\"Unsere als \u201eBio\u201c gekennzeichneten Produkte stehen unter der Kontrolle von DE-\u00d6KO-005 ECOCERT IMO GmbH\" src=\"https:\/\/www.florapharm.de\/fileadmin\/template\/normal\/media\/images\/infoicons\/florapharm_icon_01.png\" alt=\"Unsere als \u201eBio\u201c gekennzeichneten Produkte stehen unter der Kontrolle von DE-\u00d6KO-005 ECOCERT IMO GmbH\" \/><\/h4>\n<div class=\"productIcons\">\n<div class=\"productIcons\">\n<p>&nbsp;<\/p>\n<\/div>\n<\/div>\n<p><strong>\u00a0<\/strong><\/p>\n<p>&nbsp;<\/p>\n<p>&nbsp;<\/p>\n<\/div>\n<p>&nbsp;<\/p>\n<p>&nbsp;<\/p>\n<p>&nbsp;<\/p>\n<\/div>\n<p>&nbsp;<\/p>\n<p>&nbsp;<\/p>\n","protected":false},"featured_media":626,"comment_status":"closed","ping_status":"closed","template":"","meta":{"jetpack_post_was_ever_published":false,"jetpack_publicize_message":"","jetpack_publicize_feature_enabled":true,"jetpack_social_post_already_shared":true,"jetpack_social_options":{"image_generator_settings":{"template":"highway","default_image_id":0,"enabled":false},"version":2}},"product_brand":[],"product_cat":[49,31,55,58],"product_tag":[],"class_list":{"0":"post-622","1":"product","2":"type-product","3":"status-publish","4":"has-post-thumbnail","6":"product_cat-bio","7":"product_cat-tee","8":"product_cat-gruentee","9":"product_cat-gruentee-aromatisiert","11":"first","12":"instock","13":"taxable","14":"shipping-taxable","15":"purchasable","16":"product-type-variable"},"jetpack_publicize_connections":[],"jetpack_sharing_enabled":true,"jetpack-related-posts":[],"_links":{"self":[{"href":"https:\/\/www.taessje.com\/index.php\/wp-json\/wp\/v2\/product\/622","targetHints":{"allow":["GET"]}}],"collection":[{"href":"https:\/\/www.taessje.com\/index.php\/wp-json\/wp\/v2\/product"}],"about":[{"href":"https:\/\/www.taessje.com\/index.php\/wp-json\/wp\/v2\/types\/product"}],"replies":[{"embeddable":true,"href":"https:\/\/www.taessje.com\/index.php\/wp-json\/wp\/v2\/comments?post=622"}],"wp:featuredmedia":[{"embeddable":true,"href":"https:\/\/www.taessje.com\/index.php\/wp-json\/wp\/v2\/media\/626"}],"wp:attachment":[{"href":"https:\/\/www.taessje.com\/index.php\/wp-json\/wp\/v2\/media?parent=622"}],"wp:term":[{"taxonomy":"product_brand","embeddable":true,"href":"https:\/\/www.taessje.com\/index.php\/wp-json\/wp\/v2\/product_brand?post=622"},{"taxonomy":"product_cat","embeddable":true,"href":"https:\/\/www.taessje.com\/index.php\/wp-json\/wp\/v2\/product_cat?post=622"},{"taxonomy":"product_tag","embeddable":true,"href":"https:\/\/www.taessje.com\/index.php\/wp-json\/wp\/v2\/product_tag?post=622"}],"curies":[{"name":"wp","href":"https:\/\/api.w.org\/{rel}","templated":true}]}}