{"id":639,"date":"2020-02-01T11:24:45","date_gmt":"2020-02-01T10:24:45","guid":{"rendered":"https:\/\/www.taessje.com\/?post_type=product&#038;p=639"},"modified":"2022-10-05T11:32:06","modified_gmt":"2022-10-05T10:32:06","slug":"himmlische-verfuehrung-natuerlich","status":"publish","type":"product","link":"https:\/\/www.taessje.com\/index.php\/produkt\/himmlische-verfuehrung-natuerlich\/","title":{"rendered":"Himmlische Verf\u00fchrung nat\u00fcrlich"},"content":{"rendered":"<div id=\"productAmountOfTea\">\n<ul class=\"productInformationBTA\">\n<li class=\"productInformation\">\n<div id=\"productAmountOfTea\">\n<ul class=\"productInformationBTA\">\n<li class=\"productInformation\">\n<div id=\"productAmountOfTea\">\n<ul class=\"productInformationBTA\">\n<li>mit Aprikose-Kardamom-Geschmack<\/li>\n<li class=\"productInformation\">\n<div id=\"productAmountOfTea\">\n<ul class=\"productInformationBTA\">\n<li class=\"productInformation\">\n<div id=\"productBrewingTime\">Ziehzeit 2 Min<\/div>\n<\/li>\n<li class=\"productInformation\">\n<div id=\"productBathingTemperature\">Aufgusstemperatur 90 \u00b0 C<\/div>\n<\/li>\n<li class=\"productInformation\">\n<div id=\"productAmountOfTea\">Teemenge 1 TL<\/div>\n<\/li>\n<\/ul>\n<p><img decoding=\"async\" title=\"Beinhaltet ausschlie\u00dflich nat\u00fcrliches Aroma\" src=\"https:\/\/www.florapharm.de\/fileadmin\/template\/normal\/media\/images\/infoicons\/florapharm_icon_05.png\" alt=\"Beinhaltet ausschlie\u00dflich nat\u00fcrliches Aroma\" \/> Beinhaltet ausschlie\u00dflich nat\u00fcrliches Aroma<\/p>\n<\/div>\n<\/li>\n<\/ul>\n<\/div>\n<\/li>\n<\/ul>\n<\/div>\n<\/li>\n<\/ul>\n<\/div>\n","protected":false},"excerpt":{"rendered":"<div class=\"productIcons\">\n<div class=\"productIcons\">\n<p><strong>Gr\u00fcntee mit Kr\u00e4utern und Fruchtst\u00fccken, aromatisiert<\/strong><\/p>\n<div class=\"productIcons\">\n<p><img decoding=\"async\" title=\"Beinhaltet ausschlie\u00dflich nat\u00fcrliches Aroma\" src=\"https:\/\/www.florapharm.de\/fileadmin\/template\/normal\/media\/images\/infoicons\/florapharm_icon_05.png\" alt=\"Beinhaltet ausschlie\u00dflich nat\u00fcrliches Aroma\" \/><\/p>\n<\/div>\n<p><strong>\u00a0<\/strong><\/p>\n<h4 class=\"packagingUnit\"><\/h4>\n<div class=\"productIcons\">\n<div class=\"productIcons\">\n<p>&nbsp;<\/p>\n<\/div>\n<\/div>\n<p><strong>\u00a0<\/strong><\/p>\n<p>&nbsp;<\/p>\n<p>&nbsp;<\/p>\n<\/div>\n<p>&nbsp;<\/p>\n<p>&nbsp;<\/p>\n<p>&nbsp;<\/p>\n<\/div>\n<p>&nbsp;<\/p>\n<p>&nbsp;<\/p>\n","protected":false},"featured_media":644,"comment_status":"closed","ping_status":"closed","template":"","meta":{"jetpack_post_was_ever_published":false,"jetpack_publicize_message":"","jetpack_publicize_feature_enabled":true,"jetpack_social_post_already_shared":true,"jetpack_social_options":{"image_generator_settings":{"template":"highway","default_image_id":0,"enabled":false},"version":2}},"product_brand":[],"product_cat":[31,55,58],"product_tag":[],"class_list":{"0":"post-639","1":"product","2":"type-product","3":"status-publish","4":"has-post-thumbnail","6":"product_cat-tee","7":"product_cat-gruentee","8":"product_cat-gruentee-aromatisiert","10":"first","11":"instock","12":"taxable","13":"shipping-taxable","14":"purchasable","15":"product-type-variable"},"jetpack_publicize_connections":[],"jetpack_sharing_enabled":true,"jetpack-related-posts":[],"_links":{"self":[{"href":"https:\/\/www.taessje.com\/index.php\/wp-json\/wp\/v2\/product\/639","targetHints":{"allow":["GET"]}}],"collection":[{"href":"https:\/\/www.taessje.com\/index.php\/wp-json\/wp\/v2\/product"}],"about":[{"href":"https:\/\/www.taessje.com\/index.php\/wp-json\/wp\/v2\/types\/product"}],"replies":[{"embeddable":true,"href":"https:\/\/www.taessje.com\/index.php\/wp-json\/wp\/v2\/comments?post=639"}],"wp:featuredmedia":[{"embeddable":true,"href":"https:\/\/www.taessje.com\/index.php\/wp-json\/wp\/v2\/media\/644"}],"wp:attachment":[{"href":"https:\/\/www.taessje.com\/index.php\/wp-json\/wp\/v2\/media?parent=639"}],"wp:term":[{"taxonomy":"product_brand","embeddable":true,"href":"https:\/\/www.taessje.com\/index.php\/wp-json\/wp\/v2\/product_brand?post=639"},{"taxonomy":"product_cat","embeddable":true,"href":"https:\/\/www.taessje.com\/index.php\/wp-json\/wp\/v2\/product_cat?post=639"},{"taxonomy":"product_tag","embeddable":true,"href":"https:\/\/www.taessje.com\/index.php\/wp-json\/wp\/v2\/product_tag?post=639"}],"curies":[{"name":"wp","href":"https:\/\/api.w.org\/{rel}","templated":true}]}}