{"id":754,"date":"2020-02-01T14:16:39","date_gmt":"2020-02-01T13:16:39","guid":{"rendered":"https:\/\/www.taessje.com\/?post_type=product&#038;p=754"},"modified":"2020-03-26T14:11:26","modified_gmt":"2020-03-26T13:11:26","slug":"gunpowder-temple-of-heaven-china","status":"publish","type":"product","link":"https:\/\/www.taessje.com\/index.php\/produkt\/gunpowder-temple-of-heaven-china\/","title":{"rendered":"Gunpowder Temple of Heaven China"},"content":{"rendered":"<div id=\"productAmountOfTea\">\n<ul class=\"productInformationBTA\">\n<li class=\"productInformation\">\n<div id=\"productAmountOfTea\">\n<ul class=\"productInformationBTA\">\n<li class=\"productInformation\">\n<div id=\"productAmountOfTea\">\n<ul class=\"productInformationBTA\">\n<li>Ziehzeit\u00a0 2 min<\/li>\n<li class=\"productInformation\">\n<div id=\"productAmountOfTea\">\n<ul class=\"productInformationBTA\">\n<li class=\"productInformation\">\n<div id=\"productBathingTemperature\">Aufgusstemperatur 70 \u00b0 C<\/div>\n<\/li>\n<li class=\"productInformation\">\n<div>Teemenge 1 TL<\/div>\n<\/li>\n<\/ul>\n<p>Top-Qualit\u00e4t. Feines, gleichm\u00e4\u00dfig gerolltes, dunkelgr\u00fcnes Blatt, kr\u00e4ftig herb im Geschmack mit einer angenehmen rauchigen Note.<\/p>\n<\/div>\n<div id=\"productAmountOfTea\">\n<p>&nbsp;<\/p>\n<\/div>\n<\/li>\n<\/ul>\n<\/div>\n<\/li>\n<\/ul>\n<\/div>\n<\/li>\n<\/ul>\n<\/div>\n","protected":false},"excerpt":{"rendered":"<div class=\"productIcons\">\n<div class=\"productIcons\">\n<p><strong>Gr\u00fcntee<\/strong><\/p>\n<p><strong>\u00a0<\/strong><\/p>\n<div class=\"productIcons\">\n<p>&nbsp;<\/p>\n<\/div>\n<p><strong>\u00a0<\/strong><\/p>\n<h4 class=\"packagingUnit\"><\/h4>\n<div class=\"productIcons\">\n<div class=\"productIcons\">\n<p>&nbsp;<\/p>\n<\/div>\n<\/div>\n<p><strong>\u00a0<\/strong><\/p>\n<p>&nbsp;<\/p>\n<p>&nbsp;<\/p>\n<\/div>\n<p>&nbsp;<\/p>\n<p>&nbsp;<\/p>\n<p>&nbsp;<\/p>\n<\/div>\n<p>&nbsp;<\/p>\n<p>&nbsp;<\/p>\n","protected":false},"featured_media":758,"comment_status":"closed","ping_status":"closed","template":"","meta":{"jetpack_post_was_ever_published":false,"jetpack_publicize_message":"","jetpack_publicize_feature_enabled":true,"jetpack_social_post_already_shared":true,"jetpack_social_options":{"image_generator_settings":{"template":"highway","default_image_id":0,"enabled":false},"version":2}},"product_brand":[],"product_cat":[31,55,57],"product_tag":[],"class_list":{"0":"post-754","1":"product","2":"type-product","3":"status-publish","4":"has-post-thumbnail","6":"product_cat-tee","7":"product_cat-gruentee","8":"product_cat-gruentee-rein","10":"first","11":"instock","12":"taxable","13":"shipping-taxable","14":"purchasable","15":"product-type-variable"},"jetpack_publicize_connections":[],"jetpack_sharing_enabled":true,"jetpack-related-posts":[],"_links":{"self":[{"href":"https:\/\/www.taessje.com\/index.php\/wp-json\/wp\/v2\/product\/754","targetHints":{"allow":["GET"]}}],"collection":[{"href":"https:\/\/www.taessje.com\/index.php\/wp-json\/wp\/v2\/product"}],"about":[{"href":"https:\/\/www.taessje.com\/index.php\/wp-json\/wp\/v2\/types\/product"}],"replies":[{"embeddable":true,"href":"https:\/\/www.taessje.com\/index.php\/wp-json\/wp\/v2\/comments?post=754"}],"wp:featuredmedia":[{"embeddable":true,"href":"https:\/\/www.taessje.com\/index.php\/wp-json\/wp\/v2\/media\/758"}],"wp:attachment":[{"href":"https:\/\/www.taessje.com\/index.php\/wp-json\/wp\/v2\/media?parent=754"}],"wp:term":[{"taxonomy":"product_brand","embeddable":true,"href":"https:\/\/www.taessje.com\/index.php\/wp-json\/wp\/v2\/product_brand?post=754"},{"taxonomy":"product_cat","embeddable":true,"href":"https:\/\/www.taessje.com\/index.php\/wp-json\/wp\/v2\/product_cat?post=754"},{"taxonomy":"product_tag","embeddable":true,"href":"https:\/\/www.taessje.com\/index.php\/wp-json\/wp\/v2\/product_tag?post=754"}],"curies":[{"name":"wp","href":"https:\/\/api.w.org\/{rel}","templated":true}]}}