{"id":759,"date":"2020-02-01T14:22:30","date_gmt":"2020-02-01T13:22:30","guid":{"rendered":"https:\/\/www.taessje.com\/?post_type=product&#038;p=759"},"modified":"2020-03-26T14:11:02","modified_gmt":"2020-03-26T13:11:02","slug":"bio-gyokuro-japan","status":"publish","type":"product","link":"https:\/\/www.taessje.com\/index.php\/produkt\/bio-gyokuro-japan\/","title":{"rendered":"Bio Gyokuro Japan"},"content":{"rendered":"<div id=\"productAmountOfTea\">\n<ul class=\"productInformationBTA\">\n<li class=\"productInformation\">\n<div id=\"productAmountOfTea\">\n<ul class=\"productInformationBTA\">\n<li class=\"productInformation\">\n<div id=\"productAmountOfTea\">\n<ul class=\"productInformationBTA\">\n<li>Ziehzeit\u00a0 2 min<\/li>\n<li class=\"productInformation\">\n<div id=\"productAmountOfTea\">\n<ul class=\"productInformationBTA\">\n<li class=\"productInformation\">\n<div id=\"productBathingTemperature\">Aufgusstemperatur 70 \u00b0 C<\/div>\n<\/li>\n<li class=\"productInformation\">\n<div>Teemenge 1 TL<\/div>\n<\/li>\n<\/ul>\n<p>Der Gyokuro ist einer der besten Tees Japans. Um ihn zu produzieren, werden die Teestr\u00e4ucher ab Anfang Mai f\u00fcr 20 Tage zu 90% im Schatten gehalten. Das reduzierte Licht bewirkt, dass die kleinen Bl\u00e4tter mehr Chlorophyll, aber weniger Tannine enthalten. Der Tee wird mild und erh\u00e4lt einen s\u00fc\u00dferen, milderen Geschmack. Gyokuro wird nur einmal im Jahr geerntet, da das Abschatten die Pflanzen schw\u00e4cht und sie anschlie\u00dfend Erholung brauchen. Der Tee besteht aus wundervoll flachen, spitzen, smaragdgr\u00fcnen Nadeln mit s\u00fc\u00dfem \u201eUmami\u201c Geschmack.<\/p>\n<\/div>\n<div id=\"productAmountOfTea\">\n<p><img decoding=\"async\" title=\"Unsere als \u201eBio\u201c gekennzeichneten Produkte stehen unter der Kontrolle von DE-\u00d6KO-005 ECOCERT IMO GmbH\" src=\"https:\/\/www.florapharm.de\/fileadmin\/template\/normal\/media\/images\/infoicons\/florapharm_icon_01.png\" alt=\"Unsere als \u201eBio\u201c gekennzeichneten Produkte stehen unter der Kontrolle von DE-\u00d6KO-005 ECOCERT IMO GmbH\" \/> Bio<\/p>\n<\/div>\n<\/li>\n<\/ul>\n<\/div>\n<\/li>\n<\/ul>\n<\/div>\n<\/li>\n<\/ul>\n<\/div>\n","protected":false},"excerpt":{"rendered":"<div class=\"productIcons\">\n<div class=\"productIcons\">\n<p><strong>\u00a0Bio Gr\u00fcntee<\/strong><\/p>\n<div id=\"productAmountOfTea\">\n<p><img decoding=\"async\" title=\"Unsere als \u201eBio\u201c gekennzeichneten Produkte stehen unter der Kontrolle von DE-\u00d6KO-005 ECOCERT IMO GmbH\" src=\"https:\/\/www.florapharm.de\/fileadmin\/template\/normal\/media\/images\/infoicons\/florapharm_icon_01.png\" alt=\"Unsere als \u201eBio\u201c gekennzeichneten Produkte stehen unter der Kontrolle von DE-\u00d6KO-005 ECOCERT IMO GmbH\" \/><\/p>\n<\/div>\n<div class=\"productIcons\">\n<p>&nbsp;<\/p>\n<\/div>\n<p><strong>\u00a0<\/strong><\/p>\n<h4 class=\"packagingUnit\"><\/h4>\n<div class=\"productIcons\">\n<div class=\"productIcons\">\n<p>&nbsp;<\/p>\n<\/div>\n<\/div>\n<p><strong>\u00a0<\/strong><\/p>\n<p>&nbsp;<\/p>\n<p>&nbsp;<\/p>\n<\/div>\n<p>&nbsp;<\/p>\n<p>&nbsp;<\/p>\n<p>&nbsp;<\/p>\n<\/div>\n<p>&nbsp;<\/p>\n<p>&nbsp;<\/p>\n","protected":false},"featured_media":763,"comment_status":"closed","ping_status":"closed","template":"","meta":{"jetpack_post_was_ever_published":false,"jetpack_publicize_message":"","jetpack_publicize_feature_enabled":true,"jetpack_social_post_already_shared":true,"jetpack_social_options":{"image_generator_settings":{"template":"highway","default_image_id":0,"enabled":false},"version":2}},"product_brand":[],"product_cat":[49,31,55,57],"product_tag":[],"class_list":{"0":"post-759","1":"product","2":"type-product","3":"status-publish","4":"has-post-thumbnail","6":"product_cat-bio","7":"product_cat-tee","8":"product_cat-gruentee","9":"product_cat-gruentee-rein","11":"first","12":"instock","13":"taxable","14":"shipping-taxable","15":"purchasable","16":"product-type-variable"},"jetpack_publicize_connections":[],"jetpack_sharing_enabled":true,"jetpack-related-posts":[],"_links":{"self":[{"href":"https:\/\/www.taessje.com\/index.php\/wp-json\/wp\/v2\/product\/759","targetHints":{"allow":["GET"]}}],"collection":[{"href":"https:\/\/www.taessje.com\/index.php\/wp-json\/wp\/v2\/product"}],"about":[{"href":"https:\/\/www.taessje.com\/index.php\/wp-json\/wp\/v2\/types\/product"}],"replies":[{"embeddable":true,"href":"https:\/\/www.taessje.com\/index.php\/wp-json\/wp\/v2\/comments?post=759"}],"wp:featuredmedia":[{"embeddable":true,"href":"https:\/\/www.taessje.com\/index.php\/wp-json\/wp\/v2\/media\/763"}],"wp:attachment":[{"href":"https:\/\/www.taessje.com\/index.php\/wp-json\/wp\/v2\/media?parent=759"}],"wp:term":[{"taxonomy":"product_brand","embeddable":true,"href":"https:\/\/www.taessje.com\/index.php\/wp-json\/wp\/v2\/product_brand?post=759"},{"taxonomy":"product_cat","embeddable":true,"href":"https:\/\/www.taessje.com\/index.php\/wp-json\/wp\/v2\/product_cat?post=759"},{"taxonomy":"product_tag","embeddable":true,"href":"https:\/\/www.taessje.com\/index.php\/wp-json\/wp\/v2\/product_tag?post=759"}],"curies":[{"name":"wp","href":"https:\/\/api.w.org\/{rel}","templated":true}]}}