{"id":798,"date":"2020-02-01T14:48:11","date_gmt":"2020-02-01T13:48:11","guid":{"rendered":"https:\/\/www.taessje.com\/?post_type=product&#038;p=798"},"modified":"2020-03-26T14:09:54","modified_gmt":"2020-03-26T13:09:54","slug":"abendruhe-natuerlich","status":"publish","type":"product","link":"https:\/\/www.taessje.com\/index.php\/produkt\/abendruhe-natuerlich\/","title":{"rendered":"Abendruhe\u00ae nat\u00fcrlich"},"content":{"rendered":"<div id=\"productAmountOfTea\">\n<ul class=\"productInformationBTA\">\n<li class=\"productInformation\">\n<div id=\"productAmountOfTea\">\n<ul class=\"productInformationBTA\">\n<li class=\"productInformation\">\n<div id=\"productAmountOfTea\">\n<ul class=\"productInformationBTA\">\n<li>mit Mandarine-Geschmack<\/li>\n<li>Ziehzeit\u00a0 5 min<\/li>\n<li class=\"productInformation\">\n<div id=\"productAmountOfTea\">\n<ul class=\"productInformationBTA\">\n<li class=\"productInformation\">\n<div id=\"productBathingTemperature\">Aufgusstemperatur 100 \u00b0 C<\/div>\n<\/li>\n<li class=\"productInformation\">\n<div>Teemenge 1-2 TL<\/div>\n<\/li>\n<\/ul>\n<p>Nach einem aufregenden, stressigen Tag braucht man am Abend etwas zum Runterkommen, Abschalten und Wohlf\u00fchlen. Genie\u00dfen Sie diesen feinen Kr\u00e4utertee mit dem k\u00f6stlichen Geschmack nach Mandarinen. Ach ja, und F\u00fc\u00dfe hochlegen nicht vergessen!<\/p>\n<\/div>\n<div id=\"productAmountOfTea\">\n<p><img decoding=\"async\" title=\"Beinhaltet ausschlie\u00dflich nat\u00fcrliches Aroma\" src=\"https:\/\/www.florapharm.de\/fileadmin\/template\/normal\/media\/images\/infoicons\/florapharm_icon_05.png\" alt=\"Beinhaltet ausschlie\u00dflich nat\u00fcrliches Aroma\" \/> Beinhaltet ausschlie\u00dflich nat\u00fcrliches Aroma<\/p>\n<\/div>\n<\/li>\n<\/ul>\n<\/div>\n<\/li>\n<\/ul>\n<\/div>\n<\/li>\n<\/ul>\n<\/div>\n","protected":false},"excerpt":{"rendered":"<div class=\"productIcons\">\n<div class=\"productIcons\">\n<p><strong>Kr\u00e4utertee, aromatisiert<\/strong><\/p>\n<div class=\"productIcons\">\n<p><img decoding=\"async\" title=\"Beinhaltet ausschlie\u00dflich nat\u00fcrliches Aroma\" src=\"https:\/\/www.florapharm.de\/fileadmin\/template\/normal\/media\/images\/infoicons\/florapharm_icon_05.png\" alt=\"Beinhaltet ausschlie\u00dflich nat\u00fcrliches Aroma\" \/><\/p>\n<\/div>\n<\/div>\n<\/div>\n","protected":false},"featured_media":803,"comment_status":"closed","ping_status":"closed","template":"","meta":{"jetpack_post_was_ever_published":false,"jetpack_publicize_message":"","jetpack_publicize_feature_enabled":true,"jetpack_social_post_already_shared":true,"jetpack_social_options":{"image_generator_settings":{"template":"highway","default_image_id":0,"enabled":false},"version":2}},"product_brand":[],"product_cat":[31,66],"product_tag":[],"class_list":{"0":"post-798","1":"product","2":"type-product","3":"status-publish","4":"has-post-thumbnail","6":"product_cat-tee","7":"product_cat-kraeutertee-tee","9":"first","10":"instock","11":"taxable","12":"shipping-taxable","13":"purchasable","14":"product-type-variable"},"jetpack_publicize_connections":[],"jetpack_sharing_enabled":true,"jetpack-related-posts":[],"_links":{"self":[{"href":"https:\/\/www.taessje.com\/index.php\/wp-json\/wp\/v2\/product\/798","targetHints":{"allow":["GET"]}}],"collection":[{"href":"https:\/\/www.taessje.com\/index.php\/wp-json\/wp\/v2\/product"}],"about":[{"href":"https:\/\/www.taessje.com\/index.php\/wp-json\/wp\/v2\/types\/product"}],"replies":[{"embeddable":true,"href":"https:\/\/www.taessje.com\/index.php\/wp-json\/wp\/v2\/comments?post=798"}],"wp:featuredmedia":[{"embeddable":true,"href":"https:\/\/www.taessje.com\/index.php\/wp-json\/wp\/v2\/media\/803"}],"wp:attachment":[{"href":"https:\/\/www.taessje.com\/index.php\/wp-json\/wp\/v2\/media?parent=798"}],"wp:term":[{"taxonomy":"product_brand","embeddable":true,"href":"https:\/\/www.taessje.com\/index.php\/wp-json\/wp\/v2\/product_brand?post=798"},{"taxonomy":"product_cat","embeddable":true,"href":"https:\/\/www.taessje.com\/index.php\/wp-json\/wp\/v2\/product_cat?post=798"},{"taxonomy":"product_tag","embeddable":true,"href":"https:\/\/www.taessje.com\/index.php\/wp-json\/wp\/v2\/product_tag?post=798"}],"curies":[{"name":"wp","href":"https:\/\/api.w.org\/{rel}","templated":true}]}}