{"id":837,"date":"2020-02-02T11:56:19","date_gmt":"2020-02-02T10:56:19","guid":{"rendered":"https:\/\/www.taessje.com\/?post_type=product&#038;p=837"},"modified":"2024-09-14T21:43:45","modified_gmt":"2024-09-14T20:43:45","slug":"bio-innere-ruhe","status":"publish","type":"product","link":"https:\/\/www.taessje.com\/index.php\/produkt\/bio-innere-ruhe\/","title":{"rendered":"Bio Innere Ruhe"},"content":{"rendered":"<ul>\n<li id=\"productBrewingTime\">Ziehzeit 5 Min<\/li>\n<li id=\"productBathingTemperature\">Aufgusstemperatur 100 \u00b0 C<\/li>\n<li id=\"productAmountOfTea\">Teemenge 1-2 TL<\/li>\n<\/ul>\n<div>\n<div class=\"productInformation\">\n<div class=\"productInformation\">\n<p>Fenchel*, Pfefferminzbl\u00e4tter*, Hibiskusbl\u00fcten*, S\u00fc\u00dfholzwurzel*, Kamillenbl\u00fcten*, Ingwerstu\u0308cke*, Orangenschalen*, Zimtrinde*, Nelken*, rosa Pfeffer*, Kardamom*<\/p>\n<div class=\"ingredientsBio\"><sup>*<\/sup>aus kontrolliert biologischem Anbau<\/div>\n<\/div>\n<\/div>\n<div id=\"productBrewingTime\"><\/div>\n<\/div>\n<p>Zugegeben es ist nicht immer leicht zur inneren Ruhe zu finden und sich mal eine Auszeit zu g\u00f6nnen. Doch mit diesem Kr\u00e4utertee ist das ab sofort kein Problem mehr. Entspannen Sie bei dieser angenehmen, leicht w\u00fcrzigen Mischung.<\/p>\n<div class=\"productIcons\">\n<p><img decoding=\"async\" title=\"Unsere als \u201eBio\u201c gekennzeichneten Produkte stehen unter der Kontrolle von DE-\u00d6KO-005 ECOCERT IMO GmbH\" src=\"https:\/\/www.florapharm.de\/fileadmin\/template\/normal\/media\/images\/infoicons\/florapharm_icon_01.png\" alt=\"Unsere als \u201eBio\u201c gekennzeichneten Produkte stehen unter der Kontrolle von DE-\u00d6KO-005 ECOCERT IMO GmbH\" \/>Bio<\/p>\n<\/div>\n","protected":false},"excerpt":{"rendered":"<div class=\"productIcons\">\n<div class=\"productIcons\">\n<p><strong>Bio Kr\u00e4utertee<\/strong><\/p>\n<p><img decoding=\"async\" title=\"Unsere als \u201eBio\u201c gekennzeichneten Produkte stehen unter der Kontrolle von DE-\u00d6KO-005 ECOCERT IMO GmbH\" src=\"https:\/\/www.florapharm.de\/fileadmin\/template\/normal\/media\/images\/infoicons\/florapharm_icon_01.png\" alt=\"Unsere als \u201eBio\u201c gekennzeichneten Produkte stehen unter der Kontrolle von DE-\u00d6KO-005 ECOCERT IMO GmbH\" \/><\/p>\n<div class=\"productIcons\">\n<div class=\"productIcons\">\n<p>&nbsp;<\/p>\n<p>&nbsp;<\/p>\n<\/div>\n<\/div>\n<p><strong>\u00a0<\/strong><\/p>\n<p>&nbsp;<\/p>\n<p>&nbsp;<\/p>\n<\/div>\n<p>&nbsp;<\/p>\n<p>&nbsp;<\/p>\n<p>&nbsp;<\/p>\n<\/div>\n<p>&nbsp;<\/p>\n<p>&nbsp;<\/p>\n","protected":false},"featured_media":870,"comment_status":"closed","ping_status":"closed","template":"","meta":{"jetpack_post_was_ever_published":false,"jetpack_publicize_message":"","jetpack_publicize_feature_enabled":true,"jetpack_social_post_already_shared":true,"jetpack_social_options":{"image_generator_settings":{"template":"highway","default_image_id":0,"enabled":false},"version":2}},"product_brand":[],"product_cat":[49,31,66,70],"product_tag":[],"class_list":{"0":"post-837","1":"product","2":"type-product","3":"status-publish","4":"has-post-thumbnail","6":"product_cat-bio","7":"product_cat-tee","8":"product_cat-kraeutertee-tee","9":"product_cat-kraeutertee-rein","11":"first","12":"instock","13":"taxable","14":"shipping-taxable","15":"purchasable","16":"product-type-variable"},"jetpack_publicize_connections":[],"jetpack_sharing_enabled":true,"jetpack-related-posts":[],"_links":{"self":[{"href":"https:\/\/www.taessje.com\/index.php\/wp-json\/wp\/v2\/product\/837","targetHints":{"allow":["GET"]}}],"collection":[{"href":"https:\/\/www.taessje.com\/index.php\/wp-json\/wp\/v2\/product"}],"about":[{"href":"https:\/\/www.taessje.com\/index.php\/wp-json\/wp\/v2\/types\/product"}],"replies":[{"embeddable":true,"href":"https:\/\/www.taessje.com\/index.php\/wp-json\/wp\/v2\/comments?post=837"}],"wp:featuredmedia":[{"embeddable":true,"href":"https:\/\/www.taessje.com\/index.php\/wp-json\/wp\/v2\/media\/870"}],"wp:attachment":[{"href":"https:\/\/www.taessje.com\/index.php\/wp-json\/wp\/v2\/media?parent=837"}],"wp:term":[{"taxonomy":"product_brand","embeddable":true,"href":"https:\/\/www.taessje.com\/index.php\/wp-json\/wp\/v2\/product_brand?post=837"},{"taxonomy":"product_cat","embeddable":true,"href":"https:\/\/www.taessje.com\/index.php\/wp-json\/wp\/v2\/product_cat?post=837"},{"taxonomy":"product_tag","embeddable":true,"href":"https:\/\/www.taessje.com\/index.php\/wp-json\/wp\/v2\/product_tag?post=837"}],"curies":[{"name":"wp","href":"https:\/\/api.w.org\/{rel}","templated":true}]}}