{"id":966,"date":"2020-02-04T17:11:56","date_gmt":"2020-02-04T16:11:56","guid":{"rendered":"https:\/\/www.taessje.com\/?post_type=product&#038;p=966"},"modified":"2026-03-21T11:42:18","modified_gmt":"2026-03-21T10:42:18","slug":"immunstark-mit-zink-und-vitamin-c-natuerlich","status":"publish","type":"product","link":"https:\/\/www.taessje.com\/index.php\/produkt\/immunstark-mit-zink-und-vitamin-c-natuerlich\/","title":{"rendered":"Immunstark mit Zink und Vitamin C nat\u00fcrlich"},"content":{"rendered":"<div id=\"productAmountOfTea\">\n<ul class=\"productInformationBTA\">\n<li class=\"productInformation\">\n<div id=\"productAmountOfTea\">\n<ul class=\"productInformationBTA\">\n<li class=\"productInformation\">\n<div id=\"productAmountOfTea\">\n<ul class=\"productInformationBTA\">\n<li>mit Cranberry-Granatapfel-Geschmack<\/li>\n<li>Ziehzeit\u00a0 5 min<\/li>\n<li>Aufgusstemperatur 100 \u00b0 C<\/li>\n<li>Teemenge 1-2 TL<\/li>\n<\/ul>\n<p>Sie suchen einen t\u00fcchtigen Helfer, der Ihren K\u00f6rper mit wichtigen N\u00e4hrstoffen versorgt und gleichzeitig lecker schmeckt? Dann hat die Suche ein Ende. Denn dieser Kr\u00e4utertee enth\u00e4lt Zink und Vitamin C. Zwei Stoffe, die an einer ganzen Reihe von Prozessen in unserem K\u00f6rper beteiligt sind: Sie tragen zu einer normalen Funktion des Immunsystems bei, sie sch\u00fctzen die Zellen vor oxidativem Stress und tragen zu einem normalen Energiestoffwechsel bei. Der fruchtige Geschmack nach Cranberry und Granatapfel macht den Verzehr zu einem Genuss.<\/p>\n<p><img decoding=\"async\" title=\"Beinhaltet ausschlie\u00dflich nat\u00fcrliches Aroma\" src=\"https:\/\/www.florapharm.de\/fileadmin\/template\/normal\/media\/images\/infoicons\/florapharm_icon_05.png\" alt=\"Beinhaltet ausschlie\u00dflich nat\u00fcrliches Aroma\" \/> Beinhaltet ausschlie\u00dflich nat\u00fcrliches Aroma<\/p>\n<\/div>\n<\/li>\n<\/ul>\n<\/div>\n<\/li>\n<\/ul>\n<\/div>\n","protected":false},"excerpt":{"rendered":"<div class=\"productIcons\">\n<div class=\"productIcons\"><strong>Kr\u00e4utertee, aromatisiert<\/strong><br \/>\n<strong>\u00a0<\/strong><\/p>\n<h4 class=\"packagingUnit\"><\/h4>\n<div class=\"productIcons\">\n<div class=\"productIcons\">\n<p>&nbsp;<\/p>\n<\/div>\n<\/div>\n<p><strong>\u00a0<\/strong><\/p>\n<p>&nbsp;<\/p>\n<p>&nbsp;<\/p>\n<\/div>\n<p>&nbsp;<\/p>\n<p>&nbsp;<\/p>\n<p>&nbsp;<\/p>\n<\/div>\n<p>&nbsp;<\/p>\n<p>&nbsp;<\/p>\n","protected":false},"featured_media":993,"comment_status":"closed","ping_status":"closed","template":"","meta":{"jetpack_post_was_ever_published":false,"jetpack_publicize_message":"","jetpack_publicize_feature_enabled":true,"jetpack_social_post_already_shared":true,"jetpack_social_options":{"image_generator_settings":{"template":"highway","default_image_id":0,"enabled":false},"version":2}},"product_brand":[],"product_cat":[31,66,67],"product_tag":[],"class_list":{"0":"post-966","1":"product","2":"type-product","3":"status-publish","4":"has-post-thumbnail","6":"product_cat-tee","7":"product_cat-kraeutertee-tee","8":"product_cat-kraeutertee-aromatisiert","10":"first","11":"instock","12":"taxable","13":"shipping-taxable","14":"purchasable","15":"product-type-variable"},"jetpack_publicize_connections":[],"jetpack_sharing_enabled":true,"jetpack-related-posts":[],"_links":{"self":[{"href":"https:\/\/www.taessje.com\/index.php\/wp-json\/wp\/v2\/product\/966","targetHints":{"allow":["GET"]}}],"collection":[{"href":"https:\/\/www.taessje.com\/index.php\/wp-json\/wp\/v2\/product"}],"about":[{"href":"https:\/\/www.taessje.com\/index.php\/wp-json\/wp\/v2\/types\/product"}],"replies":[{"embeddable":true,"href":"https:\/\/www.taessje.com\/index.php\/wp-json\/wp\/v2\/comments?post=966"}],"wp:featuredmedia":[{"embeddable":true,"href":"https:\/\/www.taessje.com\/index.php\/wp-json\/wp\/v2\/media\/993"}],"wp:attachment":[{"href":"https:\/\/www.taessje.com\/index.php\/wp-json\/wp\/v2\/media?parent=966"}],"wp:term":[{"taxonomy":"product_brand","embeddable":true,"href":"https:\/\/www.taessje.com\/index.php\/wp-json\/wp\/v2\/product_brand?post=966"},{"taxonomy":"product_cat","embeddable":true,"href":"https:\/\/www.taessje.com\/index.php\/wp-json\/wp\/v2\/product_cat?post=966"},{"taxonomy":"product_tag","embeddable":true,"href":"https:\/\/www.taessje.com\/index.php\/wp-json\/wp\/v2\/product_tag?post=966"}],"curies":[{"name":"wp","href":"https:\/\/api.w.org\/{rel}","templated":true}]}}